{"id":13,"date":"2025-01-21T22:49:17","date_gmt":"2025-01-21T21:49:17","guid":{"rendered":"https:\/\/www.violine-accompagnante.fr\/?page_id=13"},"modified":"2026-02-08T22:18:41","modified_gmt":"2026-02-08T21:18:41","slug":"accueil","status":"publish","type":"page","link":"https:\/\/www.violine-accompagnante.fr\/","title":{"rendered":"Accueil"},"content":{"rendered":"\n<div class=\"wp-block-cover alignfull\" style=\"min-height:642px;aspect-ratio:unset;\"><span aria-hidden=\"true\" class=\"wp-block-cover__background has-background-dim-100 has-background-dim has-background-gradient\" style=\"background:linear-gradient(135deg,rgb(255,245,203) 0%,rgb(189,255,205) 50%,rgb(106,233,247) 100%)\"><\/span><div class=\"wp-block-cover__inner-container is-layout-flow wp-block-cover-is-layout-flow\">\n<div class=\"inherit-container-width wp-block-group alignwide is-layout-constrained wp-block-group-is-layout-constrained\">\n<div class=\"wp-block-media-text alignwide has-media-on-the-right is-stacked-on-mobile is-vertically-aligned-center\" style=\"grid-template-columns:auto 43%\"><div class=\"wp-block-media-text__content\">\n<h1 class=\"wp-block-heading has-text-align-left has-luminous-vivid-amber-color has-text-color has-large-font-size\">Orthop\u00e9dagogie &#8211; Graphoth\u00e9rapie<\/h1>\n\n\n\n<p class=\"has-text-align-center has-pale-pink-color has-text-color has-link-color has-medium-font-size wp-elements-dd4fc12d843060d3e364e7e3d63ce266\">Guidance parentale<\/p>\n\n\n\n<blockquote class=\"wp-block-quote is-layout-flow wp-block-quote-is-layout-flow\">\n<p class=\"has-text-align-center has-medium-font-size\"><em>&#8220;<strong>L&#8217;\u00e9ducation est l&#8217;arme la plus puissante que vous puissiez utiliser pour changer le monde<\/strong>&#8221; <\/em><\/p>\n\n\n\n<p class=\"has-text-align-center has-medium-font-size\" style=\"line-height:0.5\">Nelson Mandela<\/p>\n<\/blockquote>\n<\/div><figure class=\"wp-block-media-text__media\"><img fetchpriority=\"high\" decoding=\"async\" width=\"1024\" height=\"1024\" src=\"http:\/\/www.violine-accompagnante.fr\/wp-content\/uploads\/2025\/01\/acd755d6-623a-4e23-a474-f2fd6ca70057.png\" alt=\"\" class=\"wp-image-47 size-full\" srcset=\"https:\/\/www.violine-accompagnante.fr\/wp-content\/uploads\/2025\/01\/acd755d6-623a-4e23-a474-f2fd6ca70057.png 1024w, https:\/\/www.violine-accompagnante.fr\/wp-content\/uploads\/2025\/01\/acd755d6-623a-4e23-a474-f2fd6ca70057-300x300.png 300w, https:\/\/www.violine-accompagnante.fr\/wp-content\/uploads\/2025\/01\/acd755d6-623a-4e23-a474-f2fd6ca70057-150x150.png 150w, https:\/\/www.violine-accompagnante.fr\/wp-content\/uploads\/2025\/01\/acd755d6-623a-4e23-a474-f2fd6ca70057-768x768.png 768w\" sizes=\"(max-width: 1024px) 100vw, 1024px\" \/><\/figure><\/div>\n<\/div>\n<\/div><\/div>\n\n\n\n<h2 class=\"wp-block-heading has-vivid-purple-color has-text-color has-link-color wp-elements-08f03e86d8f3ed5ecc3c1c9cdc8ccdf2\">Plan d&#8217;accompagnement  <strong>REPI<\/strong><\/h2>\n\n\n\n<p>S&#8217;offrir un espace de REPI pour r\u00e9fl\u00e9chir, ajuster et repartir avec plus de confiance<\/p>\n\n\n\n<div class=\"wp-block-group alignfull has-ast-global-color-5-background-color has-background is-layout-constrained wp-container-core-group-is-layout-9cedb757 wp-block-group-is-layout-constrained\" style=\"padding-bottom:0px\">\n<div class=\"wp-block-columns are-vertically-aligned-top is-layout-flex wp-container-core-columns-is-layout-00723822 wp-block-columns-is-layout-flex\">\n<div class=\"wp-block-column is-vertically-aligned-top is-layout-flow wp-container-core-column-is-layout-6b73ce23 wp-block-column-is-layout-flow\">\n<div class=\"wp-block-media-text is-stacked-on-mobile is-vertically-aligned-center is-style-default\" style=\"grid-template-columns:19% auto\"><figure class=\"wp-block-media-text__media\"><img decoding=\"async\" width=\"83\" height=\"119\" src=\"http:\/\/www.violine-accompagnante.fr\/wp-content\/uploads\/2025\/01\/interogation.png\" alt=\"\" class=\"wp-image-83 size-full\"\/><\/figure><div class=\"wp-block-media-text__content\">\n<p><\/p>\n<\/div><\/div>\n\n\n\n<h3 class=\"wp-block-heading has-text-align-center\" style=\"margin-top:16px\">Rencontre<\/h3>\n\n\n\n<p class=\"has-text-align-center\">Entretien t\u00e9l\u00e9phonique de 15min gratuit<\/p>\n\n\n\n<p class=\"has-text-align-center\">Un temps d&#8217;\u00e9change \u00e0 domicile ou au cabinet<\/p>\n\n\n\n<p class=\"has-text-align-center\"> Anamn\u00e8se<\/p>\n<\/div>\n\n\n\n<div class=\"wp-block-column is-vertically-aligned-top is-layout-flow wp-container-core-column-is-layout-6b73ce23 wp-block-column-is-layout-flow\">\n<div class=\"wp-block-media-text is-stacked-on-mobile\" style=\"grid-template-columns:27% auto\"><figure class=\"wp-block-media-text__media\"><img decoding=\"async\" width=\"162\" height=\"164\" src=\"http:\/\/www.violine-accompagnante.fr\/wp-content\/uploads\/2025\/01\/Engrenage.png\" alt=\"\" class=\"wp-image-81 size-full\"\/><\/figure><div class=\"wp-block-media-text__content\">\n<p><\/p>\n<\/div><\/div>\n\n\n\n<h3 class=\"wp-block-heading has-text-align-center\" style=\"margin-top:16px\">Explorer<\/h3>\n\n\n\n<p class=\"has-text-align-center\">Au cabinet uniquement<\/p>\n\n\n\n<p class=\"has-text-align-center\">Passation de tests avec l&#8217;enfant\/adolescent<\/p>\n\n\n\n<p class=\"has-text-align-center\">Analyse et \u00e9valuation<\/p>\n<\/div>\n\n\n\n<div class=\"wp-block-column is-vertically-aligned-top is-layout-flow wp-container-core-column-is-layout-6b73ce23 wp-block-column-is-layout-flow\">\n<div class=\"wp-block-media-text is-stacked-on-mobile\" style=\"grid-template-columns:22% auto\"><figure class=\"wp-block-media-text__media\"><img loading=\"lazy\" decoding=\"async\" width=\"217\" height=\"264\" src=\"http:\/\/www.violine-accompagnante.fr\/wp-content\/uploads\/2025\/01\/Ampoule.png\" alt=\"\" class=\"wp-image-80 size-full\"\/><\/figure><div class=\"wp-block-media-text__content\">\n<p><\/p>\n<\/div><\/div>\n\n\n\n<h3 class=\"wp-block-heading has-text-align-center\" style=\"margin-top:16px\">Pratique<\/h3>\n\n\n\n<p class=\"has-text-align-center\">S\u00e9ances de r\u00e9\u00e9ducation<\/p>\n\n\n\n<p class=\"has-text-align-center\">Programme d&#8217;accompagnement<\/p>\n\n\n\n<p class=\"has-text-align-center\">Constitution d&#8217;une boite \u00e0 outils personnalis\u00e9e<\/p>\n<\/div>\n\n\n\n<div class=\"wp-block-column is-vertically-aligned-top is-layout-flow wp-container-core-column-is-layout-6b73ce23 wp-block-column-is-layout-flow\">\n<div class=\"wp-block-media-text is-stacked-on-mobile\" style=\"grid-template-columns:30% auto\"><figure class=\"wp-block-media-text__media\"><img loading=\"lazy\" decoding=\"async\" width=\"147\" height=\"119\" src=\"http:\/\/www.violine-accompagnante.fr\/wp-content\/uploads\/2025\/01\/crayon.png\" alt=\"\" class=\"wp-image-86 size-full\"\/><\/figure><div class=\"wp-block-media-text__content\">\n<p><\/p>\n<\/div><\/div>\n\n\n\n<h3 class=\"wp-block-heading has-text-align-center\" style=\"margin-top:16px\">Interactions<\/h3>\n\n\n\n<p class=\"has-text-align-center\">Feedbacks parents-enfant\/ado<\/p>\n\n\n\n<p class=\"has-text-align-center\">Ancrage des m\u00e9thodes travaill\u00e9es<\/p>\n\n\n\n<p class=\"has-text-align-center\">Evaluations<\/p>\n<\/div>\n<\/div>\n<\/div>\n\n\n\n<div class=\"wp-block-group alignfull is-layout-constrained wp-container-core-group-is-layout-45b0ac4f wp-block-group-is-layout-constrained\" id=\"services\" style=\"padding-top:144px;padding-bottom:0px\">\n<h2 class=\"wp-block-heading has-vivid-purple-color has-text-color has-link-color wp-elements-f16c441bf7371e3102022b409d662240\">Les accompagnements<\/h2>\n\n\n\n<div class=\"wp-block-columns is-layout-flex wp-container-core-columns-is-layout-60cbf9bb wp-block-columns-is-layout-flex\" style=\"margin-top:50px\">\n<div class=\"wp-block-column is-layout-flow wp-container-core-column-is-layout-6b73ce23 wp-block-column-is-layout-flow\">\n<figure class=\"wp-block-gallery has-nested-images columns-default is-cropped wp-block-gallery-1 is-layout-flex wp-block-gallery-is-layout-flex\">\n<figure class=\"wp-block-image size-full is-style-rounded\"><img loading=\"lazy\" decoding=\"async\" width=\"1920\" height=\"2560\" data-id=\"191\" src=\"https:\/\/www.violine-accompagnante.fr\/wp-content\/uploads\/2026\/02\/20251119_175033-scaled.jpg\" alt=\"\" class=\"wp-image-191\" srcset=\"https:\/\/www.violine-accompagnante.fr\/wp-content\/uploads\/2026\/02\/20251119_175033-scaled.jpg 1920w, https:\/\/www.violine-accompagnante.fr\/wp-content\/uploads\/2026\/02\/20251119_175033-225x300.jpg 225w, https:\/\/www.violine-accompagnante.fr\/wp-content\/uploads\/2026\/02\/20251119_175033-768x1024.jpg 768w, https:\/\/www.violine-accompagnante.fr\/wp-content\/uploads\/2026\/02\/20251119_175033-1152x1536.jpg 1152w, https:\/\/www.violine-accompagnante.fr\/wp-content\/uploads\/2026\/02\/20251119_175033-1536x2048.jpg 1536w\" sizes=\"(max-width: 1920px) 100vw, 1920px\" \/><\/figure>\n<\/figure>\n\n\n\n<h3 class=\"wp-block-heading has-text-align-center has-vivid-cyan-blue-color has-text-color has-link-color wp-elements-5e483991eda3eb27c66c50ca24da7a49\" style=\"margin-top:16px\"><strong>L&#8217;orthop\u00e9dagogie<\/strong><\/h3>\n\n\n\n<p class=\"has-text-align-center\">Chaque enfant est unique, chaque apprentissage aussi &#8230;<\/p>\n<\/div>\n\n\n\n<div class=\"wp-block-column is-layout-flow wp-container-core-column-is-layout-6b73ce23 wp-block-column-is-layout-flow\">\n<figure class=\"wp-block-gallery has-nested-images columns-default is-cropped wp-block-gallery-2 is-layout-flex wp-block-gallery-is-layout-flex\">\n<figure class=\"wp-block-image size-full is-style-rounded\"><img loading=\"lazy\" decoding=\"async\" width=\"1332\" height=\"1776\" data-id=\"194\" src=\"https:\/\/www.violine-accompagnante.fr\/wp-content\/uploads\/2026\/02\/Beige-Minimalist-Mood-Photo-Collage_20251020_195830_0000-edited.png\" alt=\"\" class=\"wp-image-194\" srcset=\"https:\/\/www.violine-accompagnante.fr\/wp-content\/uploads\/2026\/02\/Beige-Minimalist-Mood-Photo-Collage_20251020_195830_0000-edited.png 1332w, https:\/\/www.violine-accompagnante.fr\/wp-content\/uploads\/2026\/02\/Beige-Minimalist-Mood-Photo-Collage_20251020_195830_0000-edited-225x300.png 225w, https:\/\/www.violine-accompagnante.fr\/wp-content\/uploads\/2026\/02\/Beige-Minimalist-Mood-Photo-Collage_20251020_195830_0000-edited-768x1024.png 768w, https:\/\/www.violine-accompagnante.fr\/wp-content\/uploads\/2026\/02\/Beige-Minimalist-Mood-Photo-Collage_20251020_195830_0000-edited-1152x1536.png 1152w\" sizes=\"(max-width: 1332px) 100vw, 1332px\" \/><\/figure>\n<\/figure>\n\n\n\n<h3 class=\"wp-block-heading has-text-align-center has-luminous-vivid-amber-color has-text-color has-link-color wp-elements-79f8a58c87a1db036469a1366b17f131\" style=\"margin-top:16px\"><strong>La graphoth\u00e9rapie<\/strong><\/h3>\n\n\n\n<p class=\"has-text-align-center\">Ecrire plus facilement, pour apprendre plus sereinement <\/p>\n<\/div>\n\n\n\n<div class=\"wp-block-column is-layout-flow wp-container-core-column-is-layout-6b73ce23 wp-block-column-is-layout-flow\">\n<figure class=\"wp-block-gallery has-nested-images columns-default is-cropped wp-block-gallery-3 is-layout-flex wp-block-gallery-is-layout-flex\">\n<figure class=\"wp-block-image size-full is-style-rounded\"><img loading=\"lazy\" decoding=\"async\" width=\"1024\" height=\"1365\" data-id=\"196\" src=\"https:\/\/www.violine-accompagnante.fr\/wp-content\/uploads\/2026\/02\/ChatGPT-Image-8-fevr.-2026-22_17_07-edited.png\" alt=\"\" class=\"wp-image-196\" srcset=\"https:\/\/www.violine-accompagnante.fr\/wp-content\/uploads\/2026\/02\/ChatGPT-Image-8-fevr.-2026-22_17_07-edited.png 1024w, https:\/\/www.violine-accompagnante.fr\/wp-content\/uploads\/2026\/02\/ChatGPT-Image-8-fevr.-2026-22_17_07-edited-225x300.png 225w, https:\/\/www.violine-accompagnante.fr\/wp-content\/uploads\/2026\/02\/ChatGPT-Image-8-fevr.-2026-22_17_07-edited-768x1024.png 768w\" sizes=\"(max-width: 1024px) 100vw, 1024px\" \/><\/figure>\n<\/figure>\n\n\n\n<h3 class=\"wp-block-heading has-text-align-center has-pale-pink-color has-text-color has-link-color wp-elements-3cdd95f75d7ccee86d6579de1ca40b17\" style=\"margin-top:16px\">La g<strong>uidance parentale<\/strong><\/h3>\n\n\n\n<p class=\"has-text-align-center\">Mieux comprendre son enfant, pour mieux l&#8217;accompagner<\/p>\n<\/div>\n<\/div>\n<\/div>\n\n\n\n<div class=\"wp-block-group alignfull has-background is-layout-constrained wp-container-core-group-is-layout-cfcca693 wp-block-group-is-layout-constrained\" id=\"contact\" style=\"background:linear-gradient(35deg,rgb(6,0,151) 0%,rgb(130,4,255) 64%,rgb(193,15,255) 98%);padding-top:104px;padding-bottom:104px\">\n<h3 class=\"wp-block-heading has-text-align-center has-text-color\" style=\"color:#ffffff\">Chaque parcours est unique : contactez moi pour \u00e9changer autour du v\u00f4tre<\/h3>\n\n\n\n<div class=\"wp-block-buttons alignwide is-horizontal is-content-justification-center is-layout-flex wp-container-core-buttons-is-layout-bba8380a wp-block-buttons-is-layout-flex\" style=\"margin-top:50px\">\n<div class=\"wp-block-button\"><a class=\"wp-block-button__link wp-element-button\">Make a Website<\/a><\/div>\n<\/div>\n<\/div>\n\n\n\n<p><\/p>\n","protected":false},"excerpt":{"rendered":"<p>Plan d&#8217;accompagnement REPI S&#8217;offrir un espace de REPI pour r\u00e9fl\u00e9chir, ajuster et repartir avec plus de confiance Rencontre Entretien t\u00e9l\u00e9phonique [&hellip;]<\/p>\n","protected":false},"author":1,"featured_media":0,"parent":0,"menu_order":0,"comment_status":"closed","ping_status":"closed","template":"","meta":{"site-sidebar-layout":"no-sidebar","site-content-layout":"plain-container","ast-site-content-layout":"","site-content-style":"default","site-sidebar-style":"default","ast-global-header-display":"","ast-banner-title-visibility":"","ast-main-header-display":"","ast-hfb-above-header-display":"","ast-hfb-below-header-display":"","ast-hfb-mobile-header-display":"","site-post-title":"disabled","ast-breadcrumbs-content":"","ast-featured-img":"","footer-sml-layout":"","theme-transparent-header-meta":"enabled","adv-header-id-meta":"","stick-header-meta":"","header-above-stick-meta":"","header-main-stick-meta":"","header-below-stick-meta":"","astra-migrate-meta-layouts":"default","ast-page-background-enabled":"default","ast-page-background-meta":{"desktop":{"background-color":"var(--ast-global-color-5)","background-image":"","background-repeat":"repeat","background-position":"center center","background-size":"auto","background-attachment":"scroll","background-type":"","background-media":"","overlay-type":"","overlay-color":"","overlay-opacity":"","overlay-gradient":""},"tablet":{"background-color":"","background-image":"","background-repeat":"repeat","background-position":"center center","background-size":"auto","background-attachment":"scroll","background-type":"","background-media":"","overlay-type":"","overlay-color":"","overlay-opacity":"","overlay-gradient":""},"mobile":{"background-color":"","background-image":"","background-repeat":"repeat","background-position":"center center","background-size":"auto","background-attachment":"scroll","background-type":"","background-media":"","overlay-type":"","overlay-color":"","overlay-opacity":"","overlay-gradient":""}},"ast-content-background-meta":{"desktop":{"background-color":"var(--ast-global-color-4)","background-image":"","background-repeat":"repeat","background-position":"center center","background-size":"auto","background-attachment":"scroll","background-type":"","background-media":"","overlay-type":"","overlay-color":"","overlay-opacity":"","overlay-gradient":""},"tablet":{"background-color":"var(--ast-global-color-4)","background-image":"","background-repeat":"repeat","background-position":"center center","background-size":"auto","background-attachment":"scroll","background-type":"","background-media":"","overlay-type":"","overlay-color":"","overlay-opacity":"","overlay-gradient":""},"mobile":{"background-color":"var(--ast-global-color-4)","background-image":"","background-repeat":"repeat","background-position":"center center","background-size":"auto","background-attachment":"scroll","background-type":"","background-media":"","overlay-type":"","overlay-color":"","overlay-opacity":"","overlay-gradient":""}},"footnotes":""},"class_list":["post-13","page","type-page","status-publish","hentry"],"_links":{"self":[{"href":"https:\/\/www.violine-accompagnante.fr\/index.php\/wp-json\/wp\/v2\/pages\/13","targetHints":{"allow":["GET"]}}],"collection":[{"href":"https:\/\/www.violine-accompagnante.fr\/index.php\/wp-json\/wp\/v2\/pages"}],"about":[{"href":"https:\/\/www.violine-accompagnante.fr\/index.php\/wp-json\/wp\/v2\/types\/page"}],"author":[{"embeddable":true,"href":"https:\/\/www.violine-accompagnante.fr\/index.php\/wp-json\/wp\/v2\/users\/1"}],"replies":[{"embeddable":true,"href":"https:\/\/www.violine-accompagnante.fr\/index.php\/wp-json\/wp\/v2\/comments?post=13"}],"version-history":[{"count":25,"href":"https:\/\/www.violine-accompagnante.fr\/index.php\/wp-json\/wp\/v2\/pages\/13\/revisions"}],"predecessor-version":[{"id":197,"href":"https:\/\/www.violine-accompagnante.fr\/index.php\/wp-json\/wp\/v2\/pages\/13\/revisions\/197"}],"wp:attachment":[{"href":"https:\/\/www.violine-accompagnante.fr\/index.php\/wp-json\/wp\/v2\/media?parent=13"}],"curies":[{"name":"wp","href":"https:\/\/api.w.org\/{rel}","templated":true}]}}